{"id":1660,"date":"2026-03-16T08:13:58","date_gmt":"2026-03-16T08:13:58","guid":{"rendered":"https:\/\/ref-aura.fr\/?page_id=1660"},"modified":"2026-03-16T08:13:58","modified_gmt":"2026-03-16T08:13:58","slug":"refaura-2026-mentions-legales","status":"publish","type":"page","link":"https:\/\/ref-aura.fr\/index.php\/refaura-2026-mentions-legales\/","title":{"rendered":"#REFAURA 2026 &#8211; Mentions l\u00e9gales"},"content":{"rendered":"<p>[et_pb_section fb_built=\u00a0\u00bb1&Prime; _builder_version=\u00a0\u00bb4.27.5&Prime; _module_preset=\u00a0\u00bbdefault\u00a0\u00bb custom_margin=\u00a0\u00bb0px|0px|0px|0px|false|false\u00a0\u00bb custom_padding=\u00a0\u00bb0px|0px|0px|0px|false|false\u00a0\u00bb global_colors_info=\u00a0\u00bb{}\u00a0\u00bb][et_pb_row column_structure=\u00a0\u00bb1_4,3_4&Prime; _builder_version=\u00a0\u00bb4.27.5&Prime; _module_preset=\u00a0\u00bbdefault\u00a0\u00bb width=\u00a0\u00bb100%\u00a0\u00bb max_width=\u00a0\u00bb2560px\u00a0\u00bb global_colors_info=\u00a0\u00bb{}\u00a0\u00bb][et_pb_column type=\u00a0\u00bb1_4&Prime; _builder_version=\u00a0\u00bb4.27.5&Prime; _module_preset=\u00a0\u00bbdefault\u00a0\u00bb global_colors_info=\u00a0\u00bb{}\u00a0\u00bb][\/et_pb_column][et_pb_column type=\u00a0\u00bb3_4&Prime; _builder_version=\u00a0\u00bb4.27.5&Prime; _module_preset=\u00a0\u00bbdefault\u00a0\u00bb global_colors_info=\u00a0\u00bb{}\u00a0\u00bb][et_pb_menu menu_id=\u00a0\u00bb5&Prime; active_link_color=\u00a0\u00bb#F4610D\u00a0\u00bb _builder_version=\u00a0\u00bb4.27.5&Prime; _module_preset=\u00a0\u00bbdefault\u00a0\u00bb menu_font=\u00a0\u00bbBarlow Condensed|800|||||||\u00a0\u00bb menu_text_color=\u00a0\u00bb#282064&Prime; menu_font_size=\u00a0\u00bb22px\u00a0\u00bb menu_font_last_edited=\u00a0\u00bboff|desktop\u00a0\u00bb global_colors_info=\u00a0\u00bb{}\u00a0\u00bb menu_text_color__hover_enabled=\u00a0\u00bbon|desktop\u00a0\u00bb menu_text_color__hover=\u00a0\u00bb#F4610D\u00a0\u00bb][\/et_pb_menu][\/et_pb_column][\/et_pb_row][\/et_pb_section][et_pb_section fb_built=\u00a0\u00bb1&Prime; custom_padding_last_edited=\u00a0\u00bbon|phone\u00a0\u00bb disabled_on=\u00a0\u00bbon|off|off\u00a0\u00bb admin_label=\u00a0\u00bbHeader\u00a0\u00bb _builder_version=\u00a0\u00bb4.27.5&Prime; _module_preset=\u00a0\u00bbdefault\u00a0\u00bb background_image=\u00a0\u00bbhttps:\/\/ref-aura.fr\/wp-content\/uploads\/2026\/03\/4-1.png\u00a0\u00bb parallax=\u00a0\u00bbon\u00a0\u00bb width=\u00a0\u00bb100%\u00a0\u00bb max_width=\u00a0\u00bb100%\u00a0\u00bb max_width_tablet=\u00a0\u00bb\u00a0\u00bb max_width_phone=\u00a0\u00bb\u00a0\u00bb max_width_last_edited=\u00a0\u00bbon|desktop\u00a0\u00bb module_alignment=\u00a0\u00bbcenter\u00a0\u00bb max_height=\u00a0\u00bb1000px\u00a0\u00bb custom_padding=\u00a0\u00bb54px|||||\u00a0\u00bb custom_padding_tablet=\u00a0\u00bb54px|||||\u00a0\u00bb custom_padding_phone=\u00a0\u00bb0px||0px||false|false\u00a0\u00bb border_color_all=\u00a0\u00bb#000000&Prime; border_width_bottom=\u00a0\u00bb8px\u00a0\u00bb collapsed=\u00a0\u00bbon\u00a0\u00bb global_colors_info=\u00a0\u00bb{}\u00a0\u00bb][et_pb_row _builder_version=\u00a0\u00bb4.27.5&Prime; _module_preset=\u00a0\u00bbdefault\u00a0\u00bb width_tablet=\u00a0\u00bb\u00a0\u00bb width_phone=\u00a0\u00bb100%\u00a0\u00bb width_last_edited=\u00a0\u00bbon|phone\u00a0\u00bb max_height_tablet=\u00a0\u00bb\u00a0\u00bb max_height_phone=\u00a0\u00bb1000px\u00a0\u00bb max_height_last_edited=\u00a0\u00bbon|phone\u00a0\u00bb global_colors_info=\u00a0\u00bb{}\u00a0\u00bb][et_pb_column type=\u00a0\u00bb4_4&Prime; _builder_version=\u00a0\u00bb4.27.5&Prime; _module_preset=\u00a0\u00bbdefault\u00a0\u00bb global_colors_info=\u00a0\u00bb{}\u00a0\u00bb][et_pb_image src=\u00a0\u00bbhttps:\/\/ref-aura.fr\/wp-content\/uploads\/2026\/02\/REFAURA26-VISUEL-LP-THEMA-.png\u00a0\u00bb title_text=\u00a0\u00bbREFAURA26 &#8211; VISUEL LP THEMA\u00a0\u00bb align=\u00a0\u00bbcenter\u00a0\u00bb module_class=\u00a0\u00bbimage-3d\u00a0\u00bb _builder_version=\u00a0\u00bb4.27.5&Prime; _module_preset=\u00a0\u00bbdefault\u00a0\u00bb width=\u00a0\u00bb100%\u00a0\u00bb border_radii=\u00a0\u00bbon|15px|15px|15px|15px\u00a0\u00bb box_shadow_style=\u00a0\u00bbpreset1&Prime; box_shadow_blur=\u00a0\u00bb80px\u00a0\u00bb box_shadow_spread=\u00a0\u00bb7px\u00a0\u00bb global_colors_info=\u00a0\u00bb{}\u00a0\u00bb][\/et_pb_image][\/et_pb_column][\/et_pb_row][\/et_pb_section][et_pb_section fb_built=\u00a0\u00bb1&Prime; custom_padding_last_edited=\u00a0\u00bbon|phone\u00a0\u00bb disabled_on=\u00a0\u00bboff|on|on\u00a0\u00bb admin_label=\u00a0\u00bbHeader\u00a0\u00bb _builder_version=\u00a0\u00bb4.27.5&Prime; _module_preset=\u00a0\u00bbdefault\u00a0\u00bb background_enable_image=\u00a0\u00bboff\u00a0\u00bb parallax=\u00a0\u00bbon\u00a0\u00bb width=\u00a0\u00bb100%\u00a0\u00bb max_width=\u00a0\u00bb100%\u00a0\u00bb max_width_tablet=\u00a0\u00bb\u00a0\u00bb max_width_phone=\u00a0\u00bb\u00a0\u00bb max_width_last_edited=\u00a0\u00bbon|desktop\u00a0\u00bb module_alignment=\u00a0\u00bbcenter\u00a0\u00bb max_height=\u00a0\u00bb1000px\u00a0\u00bb custom_margin_tablet=\u00a0\u00bb\u00a0\u00bb custom_margin_phone=\u00a0\u00bb0px||||false|false\u00a0\u00bb custom_margin_last_edited=\u00a0\u00bbon|phone\u00a0\u00bb custom_padding=\u00a0\u00bb0px||||false|false\u00a0\u00bb custom_padding_tablet=\u00a0\u00bb0px||||false|false\u00a0\u00bb custom_padding_phone=\u00a0\u00bb0px||0px||false|false\u00a0\u00bb border_color_all=\u00a0\u00bb#000000&Prime; border_width_bottom=\u00a0\u00bb8px\u00a0\u00bb collapsed=\u00a0\u00bbon\u00a0\u00bb global_colors_info=\u00a0\u00bb{}\u00a0\u00bb][et_pb_row _builder_version=\u00a0\u00bb4.27.5&Prime; _module_preset=\u00a0\u00bbdefault\u00a0\u00bb width_tablet=\u00a0\u00bb\u00a0\u00bb width_phone=\u00a0\u00bb100%\u00a0\u00bb width_last_edited=\u00a0\u00bbon|phone\u00a0\u00bb max_height_tablet=\u00a0\u00bb\u00a0\u00bb max_height_phone=\u00a0\u00bb1000px\u00a0\u00bb max_height_last_edited=\u00a0\u00bbon|phone\u00a0\u00bb custom_margin=\u00a0\u00bb0px||0px||false|false\u00a0\u00bb custom_padding=\u00a0\u00bb0px||0px||false|false\u00a0\u00bb global_colors_info=\u00a0\u00bb{}\u00a0\u00bb][et_pb_column type=\u00a0\u00bb4_4&Prime; _builder_version=\u00a0\u00bb4.27.5&Prime; _module_preset=\u00a0\u00bbdefault\u00a0\u00bb global_colors_info=\u00a0\u00bb{}\u00a0\u00bb][et_pb_image src=\u00a0\u00bbhttps:\/\/ref-aura.fr\/wp-content\/uploads\/2026\/03\/REFAURA26-VISUEL-LP-THEMA-9.png\u00a0\u00bb title_text=\u00a0\u00bbREFAURA26 &#8211; VISUEL LP THEMA (9)\u00a0\u00bb align=\u00a0\u00bbcenter\u00a0\u00bb module_class=\u00a0\u00bbimage-3d\u00a0\u00bb _builder_version=\u00a0\u00bb4.27.5&Prime; _module_preset=\u00a0\u00bbdefault\u00a0\u00bb width=\u00a0\u00bb100%\u00a0\u00bb custom_margin=\u00a0\u00bb0px||||false|false\u00a0\u00bb custom_padding=\u00a0\u00bb0px||0px||false|false\u00a0\u00bb box_shadow_style=\u00a0\u00bbpreset1&Prime; box_shadow_blur=\u00a0\u00bb80px\u00a0\u00bb box_shadow_spread=\u00a0\u00bb7px\u00a0\u00bb global_colors_info=\u00a0\u00bb{}\u00a0\u00bb][\/et_pb_image][\/et_pb_column][\/et_pb_row][\/et_pb_section][et_pb_section fb_built=\u00a0\u00bb1&Prime; _builder_version=\u00a0\u00bb4.27.5&Prime; _module_preset=\u00a0\u00bbdefault\u00a0\u00bb background_enable_image=\u00a0\u00bboff\u00a0\u00bb custom_padding=\u00a0\u00bb1px|||||\u00a0\u00bb global_colors_info=\u00a0\u00bb{}\u00a0\u00bb][et_pb_row _builder_version=\u00a0\u00bb4.27.5&Prime; _module_preset=\u00a0\u00bbdefault\u00a0\u00bb][et_pb_column _builder_version=\u00a0\u00bb4.27.5&Prime; _module_preset=\u00a0\u00bbdefault\u00a0\u00bb type=\u00a0\u00bb4_4&Prime;][et_pb_text _builder_version=\u00a0\u00bb4.27.5&Prime; _module_preset=\u00a0\u00bbdefault\u00a0\u00bb hover_enabled=\u00a0\u00bb0&Prime; sticky_enabled=\u00a0\u00bb0&Prime; text_font=\u00a0\u00bbBarlow Condensed||||||||\u00a0\u00bb text_text_color=\u00a0\u00bb#352983&Prime; header_text_color=\u00a0\u00bb#352983&Prime; header_font=\u00a0\u00bbBarlow Condensed|800|||||||\u00a0\u00bb header_2_font=\u00a0\u00bbBarlow Condensed|800|||||||\u00a0\u00bb header_2_text_color=\u00a0\u00bb#352983&Prime; text_font_size=\u00a0\u00bb20px\u00a0\u00bb]<\/p>\n<h2 data-section-id=\"1kruoj9\" data-start=\"77\" data-end=\"96\"><span class=\"BZ_Pyq_fadeIn\">Mentions <\/span><span class=\"BZ_Pyq_fadeIn\">l\u00e9gales<\/span><\/h2>\n<p data-start=\"98\" data-end=\"221\"><strong data-start=\"98\" data-end=\"117\"><span class=\"BZ_Pyq_fadeIn\">\u00c9diteur <\/span><span class=\"BZ_Pyq_fadeIn\">du <\/span><span class=\"BZ_Pyq_fadeIn\">site<\/span><\/strong><br data-start=\"117\" data-end=\"120\" \/><span class=\"BZ_Pyq_fadeIn\">MEDEF <\/span><span class=\"BZ_Pyq_fadeIn\">Auvergne-<\/span><span class=\"BZ_Pyq_fadeIn\">Rh\u00f4ne-<\/span><span class=\"BZ_Pyq_fadeIn\">Alpes<\/span><br data-start=\"146\" data-end=\"149\" \/><span class=\"BZ_Pyq_fadeIn\">60 <\/span><span class=\"BZ_Pyq_fadeIn\">avenue <\/span><span class=\"BZ_Pyq_fadeIn\">Jean <\/span><span class=\"BZ_Pyq_fadeIn\">Mermoz<\/span><br data-start=\"170\" data-end=\"173\" \/><span class=\"BZ_Pyq_fadeIn\">69008 <\/span><span class=\"BZ_Pyq_fadeIn\">Lyon<\/span><br data-start=\"183\" data-end=\"186\" \/><span class=\"BZ_Pyq_fadeIn\">Email : <\/span><a data-start=\"194\" data-end=\"221\" class=\"decorated-link cursor-pointer\" rel=\"noopener\"><span class=\"BZ_Pyq_fadeIn\">communication@<\/span><span class=\"BZ_Pyq_fadeIn\">medef-<\/span><span class=\"BZ_Pyq_fadeIn\">aura.<\/span><span class=\"BZ_Pyq_fadeIn\">fr<\/span><span aria-hidden=\"true\" class=\"ms-0.5 inline-block align-middle leading-none\"><svg xmlns=\"http:\/\/www.w3.org\/2000\/svg\" width=\"20\" height=\"20\" aria-hidden=\"true\" data-rtl-flip=\"\" class=\"block h-[0.75em] w-[0.75em] stroke-current stroke-[0.75]\"><use href=\"\/cdn\/assets\/sprites-core-il7yfj1b.svg#304883\" fill=\"currentColor\"><\/use><\/svg><\/span><\/a><\/p>\n<p data-start=\"223\" data-end=\"290\"><strong data-start=\"223\" data-end=\"254\"><span class=\"BZ_Pyq_fadeIn\">Directeur <\/span><span class=\"BZ_Pyq_fadeIn\">de <\/span><span class=\"BZ_Pyq_fadeIn\">la <\/span><span class=\"BZ_Pyq_fadeIn\">publication<\/span><\/strong><br data-start=\"254\" data-end=\"257\" \/><span class=\"BZ_Pyq_fadeIn\">Quentin <\/span><span class=\"BZ_Pyq_fadeIn\">G\u00e9rv\u00e9sie, <\/span><span class=\"BZ_Pyq_fadeIn\">D\u00e9l\u00e9gu\u00e9 <\/span><span class=\"BZ_Pyq_fadeIn\">G\u00e9n\u00e9ral<\/span><\/p>\n<p data-start=\"292\" data-end=\"327\"><strong data-start=\"292\" data-end=\"309\"><span class=\"BZ_Pyq_fadeIn\">Site <\/span><span class=\"BZ_Pyq_fadeIn\">internet<\/span><\/strong><br data-start=\"309\" data-end=\"312\" \/><a data-start=\"312\" data-end=\"327\" rel=\"noopener\" target=\"_new\" class=\"decorated-link\" href=\"http:\/\/www.ref-aura.fr\"><span class=\"BZ_Pyq_fadeIn\">www.<\/span><span class=\"BZ_Pyq_fadeIn\">ref-<\/span><span class=\"BZ_Pyq_fadeIn\">aura.<\/span><span class=\"BZ_Pyq_fadeIn\">fr<\/span><span aria-hidden=\"true\" class=\"ms-0.5 inline-block align-middle leading-none\"><svg xmlns=\"http:\/\/www.w3.org\/2000\/svg\" width=\"20\" height=\"20\" aria-hidden=\"true\" data-rtl-flip=\"\" class=\"block h-[0.75em] w-[0.75em] stroke-current stroke-[0.75]\"><use href=\"\/cdn\/assets\/sprites-core-il7yfj1b.svg#304883\" fill=\"currentColor\"><\/use><\/svg><\/span><\/a><\/p>\n<p data-start=\"329\" data-end=\"368\"><strong data-start=\"329\" data-end=\"344\"><span class=\"BZ_Pyq_fadeIn\">H\u00e9bergement<\/span><\/strong><br data-start=\"344\" data-end=\"347\" \/><span class=\"BZ_Pyq_fadeIn\">Site <\/span><span class=\"BZ_Pyq_fadeIn\">h\u00e9berg\u00e9 <\/span><span class=\"BZ_Pyq_fadeIn\">par <\/span><span class=\"BZ_Pyq_fadeIn\">OVH.<\/span><\/p>\n<h2 data-section-id=\"1470n9i\" data-start=\"370\" data-end=\"397\"><span class=\"BZ_Pyq_fadeIn\">Propri\u00e9t\u00e9 <\/span><span class=\"BZ_Pyq_fadeIn\">intellectuelle<\/span><\/h2>\n<p data-start=\"399\" data-end=\"595\"><span class=\"BZ_Pyq_fadeIn\">L\u2019ensemble <\/span><span class=\"BZ_Pyq_fadeIn\">des <\/span><span class=\"BZ_Pyq_fadeIn\">contenus <\/span><span class=\"BZ_Pyq_fadeIn\">pr\u00e9sents <\/span><span class=\"BZ_Pyq_fadeIn\">sur <\/span><span class=\"BZ_Pyq_fadeIn\">le <\/span><span class=\"BZ_Pyq_fadeIn\">site <\/span><a data-start=\"444\" data-end=\"459\" rel=\"noopener\" target=\"_new\" class=\"decorated-link\" href=\"http:\/\/www.ref-aura.fr\"><span class=\"BZ_Pyq_fadeIn\">www.<\/span><span class=\"BZ_Pyq_fadeIn\">ref-<\/span><span class=\"BZ_Pyq_fadeIn\">aura.<\/span><span class=\"BZ_Pyq_fadeIn\">fr<\/span><span aria-hidden=\"true\" class=\"ms-0.5 inline-block align-middle leading-none\"><svg xmlns=\"http:\/\/www.w3.org\/2000\/svg\" width=\"20\" height=\"20\" aria-hidden=\"true\" data-rtl-flip=\"\" class=\"block h-[0.75em] w-[0.75em] stroke-current stroke-[0.75]\"><use href=\"\/cdn\/assets\/sprites-core-il7yfj1b.svg#304883\" fill=\"currentColor\"><\/use><\/svg><\/span><\/a><span class=\"BZ_Pyq_fadeIn\">, <\/span><span class=\"BZ_Pyq_fadeIn\">incluant <\/span><span class=\"BZ_Pyq_fadeIn\">notamment <\/span><span class=\"BZ_Pyq_fadeIn\">les <\/span><span class=\"BZ_Pyq_fadeIn\">textes, <\/span><span class=\"BZ_Pyq_fadeIn\">visuels, <\/span><span class=\"BZ_Pyq_fadeIn\">images, <\/span><span class=\"BZ_Pyq_fadeIn\">logos <\/span><span class=\"BZ_Pyq_fadeIn\">et <\/span><span class=\"BZ_Pyq_fadeIn\">\u00e9l\u00e9ments <\/span><span class=\"BZ_Pyq_fadeIn\">graphiques, <\/span><span class=\"BZ_Pyq_fadeIn\">est <\/span><span class=\"BZ_Pyq_fadeIn\">prot\u00e9g\u00e9 <\/span><span class=\"BZ_Pyq_fadeIn\">par <\/span><span class=\"BZ_Pyq_fadeIn\">le <\/span><span class=\"BZ_Pyq_fadeIn\">droit <\/span><span class=\"BZ_Pyq_fadeIn\">de <\/span><span class=\"BZ_Pyq_fadeIn\">la <\/span><span class=\"BZ_Pyq_fadeIn\">propri\u00e9t\u00e9 <\/span><span class=\"BZ_Pyq_fadeIn\">intellectuelle.<\/span><\/p>\n<p data-start=\"597\" data-end=\"814\"><span class=\"BZ_Pyq_fadeIn\">Toute <\/span><span class=\"BZ_Pyq_fadeIn\">reproduction, <\/span><span class=\"BZ_Pyq_fadeIn\">repr\u00e9sentation, <\/span><span class=\"BZ_Pyq_fadeIn\">modification, <\/span><span class=\"BZ_Pyq_fadeIn\">publication, <\/span><span class=\"BZ_Pyq_fadeIn\">transmission <\/span><span class=\"BZ_Pyq_fadeIn\">ou <\/span><span class=\"BZ_Pyq_fadeIn\">adaptation, <\/span><span class=\"BZ_Pyq_fadeIn\">totale <\/span><span class=\"BZ_Pyq_fadeIn\">ou <\/span><span class=\"BZ_Pyq_fadeIn\">partielle, <\/span><span class=\"BZ_Pyq_fadeIn\">de <\/span><span class=\"BZ_Pyq_fadeIn\">ces <\/span><span class=\"BZ_Pyq_fadeIn\">\u00e9l\u00e9ments, <\/span><span class=\"BZ_Pyq_fadeIn\">quel <\/span><span class=\"BZ_Pyq_fadeIn\">que <\/span><span class=\"BZ_Pyq_fadeIn\">soit <\/span><span class=\"BZ_Pyq_fadeIn\">le <\/span><span class=\"BZ_Pyq_fadeIn\">moyen <\/span><span class=\"BZ_Pyq_fadeIn\">ou <\/span><span class=\"BZ_Pyq_fadeIn\">le <\/span><span class=\"BZ_Pyq_fadeIn\">proc\u00e9d\u00e9 <\/span><span class=\"BZ_Pyq_fadeIn\">utilis\u00e9, <\/span><span class=\"BZ_Pyq_fadeIn\">est <\/span><span class=\"BZ_Pyq_fadeIn\">interdite <\/span><span class=\"BZ_Pyq_fadeIn\">sans <\/span><span class=\"BZ_Pyq_fadeIn\">autorisation <\/span><span class=\"BZ_Pyq_fadeIn\">pr\u00e9alable.<\/span><\/p>\n<h2 data-section-id=\"1ogd3a1\" data-start=\"816\" data-end=\"839\"><span class=\"BZ_Pyq_fadeIn\">Donn\u00e9es <\/span><span class=\"BZ_Pyq_fadeIn\">personnelles<\/span><\/h2>\n<p data-start=\"841\" data-end=\"1019\"><span class=\"BZ_Pyq_fadeIn\">Le <\/span><span class=\"BZ_Pyq_fadeIn\">site <\/span><span class=\"BZ_Pyq_fadeIn\">peut <\/span><span class=\"BZ_Pyq_fadeIn\">collecter <\/span><span class=\"BZ_Pyq_fadeIn\">des <\/span><span class=\"BZ_Pyq_fadeIn\">donn\u00e9es <\/span><span class=\"BZ_Pyq_fadeIn\">personnelles <\/span><span class=\"BZ_Pyq_fadeIn\">dans <\/span><span class=\"BZ_Pyq_fadeIn\">le <\/span><span class=\"BZ_Pyq_fadeIn\">cadre <\/span><span class=\"BZ_Pyq_fadeIn\">de <\/span><span class=\"BZ_Pyq_fadeIn\">l\u2019inscription <\/span><span class=\"BZ_Pyq_fadeIn\">\u00e0 <\/span><span class=\"BZ_Pyq_fadeIn\">un <\/span><span class=\"BZ_Pyq_fadeIn\">\u00e9v\u00e9nement, <\/span><span class=\"BZ_Pyq_fadeIn\">notamment <\/span><span class=\"BZ_Pyq_fadeIn\">des <\/span><span class=\"BZ_Pyq_fadeIn\">informations <\/span><span class=\"BZ_Pyq_fadeIn\">de <\/span><span class=\"BZ_Pyq_fadeIn\">contact <\/span><span class=\"BZ_Pyq_fadeIn\">et <\/span><span class=\"BZ_Pyq_fadeIn\">des <\/span><span class=\"BZ_Pyq_fadeIn\">informations <\/span><span class=\"BZ_Pyq_fadeIn\">relatives <\/span><span class=\"BZ_Pyq_fadeIn\">\u00e0 <\/span><span class=\"BZ_Pyq_fadeIn\">l\u2019entreprise.<\/span><\/p>\n<p data-start=\"1021\" data-end=\"1148\"><span class=\"BZ_Pyq_fadeIn\">Ces <\/span><span class=\"BZ_Pyq_fadeIn\">donn\u00e9es <\/span><span class=\"BZ_Pyq_fadeIn\">sont <\/span><span class=\"BZ_Pyq_fadeIn\">utilis\u00e9es <\/span><span class=\"BZ_Pyq_fadeIn\">uniquement <\/span><span class=\"BZ_Pyq_fadeIn\">pour <\/span><span class=\"BZ_Pyq_fadeIn\">la <\/span><span class=\"BZ_Pyq_fadeIn\">gestion <\/span><span class=\"BZ_Pyq_fadeIn\">des <\/span><span class=\"BZ_Pyq_fadeIn\">inscriptions, <\/span><span class=\"BZ_Pyq_fadeIn\">l\u2019organisation <\/span><span class=\"BZ_Pyq_fadeIn\">des <\/span><span class=\"BZ_Pyq_fadeIn\">\u00e9v\u00e9nements <\/span><span class=\"BZ_Pyq_fadeIn\">et <\/span><span class=\"BZ_Pyq_fadeIn\">le <\/span><span class=\"BZ_Pyq_fadeIn\">suivi <\/span><span class=\"BZ_Pyq_fadeIn\">des <\/span><span class=\"BZ_Pyq_fadeIn\">\u00e9changes.<\/span><\/p>\n<p data-start=\"1150\" data-end=\"1392\"><span class=\"BZ_Pyq_fadeIn\">Conform\u00e9ment <\/span><span class=\"BZ_Pyq_fadeIn\">\u00e0 <\/span><span class=\"BZ_Pyq_fadeIn\">la <\/span><span class=\"BZ_Pyq_fadeIn\">r\u00e9glementation <\/span><span class=\"BZ_Pyq_fadeIn\">applicable <\/span><span class=\"BZ_Pyq_fadeIn\">en <\/span><span class=\"BZ_Pyq_fadeIn\">mati\u00e8re <\/span><span class=\"BZ_Pyq_fadeIn\">de <\/span><span class=\"BZ_Pyq_fadeIn\">protection <\/span><span class=\"BZ_Pyq_fadeIn\">des <\/span><span class=\"BZ_Pyq_fadeIn\">donn\u00e9es <\/span><span class=\"BZ_Pyq_fadeIn\">personnelles, <\/span><span class=\"BZ_Pyq_fadeIn\">vous <\/span><span class=\"BZ_Pyq_fadeIn\">pouvez <\/span><span class=\"BZ_Pyq_fadeIn\">exercer <\/span><span class=\"BZ_Pyq_fadeIn\">vos <\/span><span class=\"BZ_Pyq_fadeIn\">droits <\/span><span class=\"BZ_Pyq_fadeIn\">d\u2019acc\u00e8s, <\/span><span class=\"BZ_Pyq_fadeIn\">de <\/span><span class=\"BZ_Pyq_fadeIn\">rectification, <\/span><span class=\"BZ_Pyq_fadeIn\">d\u2019opposition, <\/span><span class=\"BZ_Pyq_fadeIn\">d\u2019effacement <\/span><span class=\"BZ_Pyq_fadeIn\">ou <\/span><span class=\"BZ_Pyq_fadeIn\">de <\/span><span class=\"BZ_Pyq_fadeIn\">limitation <\/span><span class=\"BZ_Pyq_fadeIn\">en <\/span><span class=\"BZ_Pyq_fadeIn\">\u00e9crivant <\/span><span class=\"BZ_Pyq_fadeIn\">\u00e0 :<\/span><br data-start=\"1362\" data-end=\"1365\" \/><a data-start=\"1365\" data-end=\"1392\" class=\"decorated-link cursor-pointer\" rel=\"noopener\"><span class=\"BZ_Pyq_fadeIn\">communication@<\/span><span class=\"BZ_Pyq_fadeIn\">medef-<\/span><span class=\"BZ_Pyq_fadeIn\">aura.<\/span><span class=\"BZ_Pyq_fadeIn\">fr<\/span><span aria-hidden=\"true\" class=\"ms-0.5 inline-block align-middle leading-none\"><svg xmlns=\"http:\/\/www.w3.org\/2000\/svg\" width=\"20\" height=\"20\" aria-hidden=\"true\" data-rtl-flip=\"\" class=\"block h-[0.75em] w-[0.75em] stroke-current stroke-[0.75]\"><use href=\"\/cdn\/assets\/sprites-core-il7yfj1b.svg#304883\" fill=\"currentColor\"><\/use><\/svg><\/span><\/a><\/p>\n<h2 data-section-id=\"9xnhyq\" data-start=\"1394\" data-end=\"1404\"><span class=\"BZ_Pyq_fadeIn\">Cookies<\/span><\/h2>\n<p data-start=\"1406\" data-end=\"1547\"><span class=\"BZ_Pyq_fadeIn\">Le <\/span><span class=\"BZ_Pyq_fadeIn\">site <\/span><span class=\"BZ_Pyq_fadeIn\">utilise <\/span><span class=\"BZ_Pyq_fadeIn\">des <\/span><span class=\"BZ_Pyq_fadeIn\">cookies <\/span><span class=\"BZ_Pyq_fadeIn\">ainsi <\/span><span class=\"BZ_Pyq_fadeIn\">que <\/span><span class=\"BZ_Pyq_fadeIn\">Google <\/span><span class=\"BZ_Pyq_fadeIn\">Analytics <\/span><span class=\"BZ_Pyq_fadeIn\">4 (<\/span><span class=\"BZ_Pyq_fadeIn\">GA4) <\/span><span class=\"BZ_Pyq_fadeIn\">\u00e0 <\/span><span class=\"BZ_Pyq_fadeIn\">des <\/span><span class=\"BZ_Pyq_fadeIn\">fins <\/span><span class=\"BZ_Pyq_fadeIn\">de <\/span><span class=\"BZ_Pyq_fadeIn\">mesure <\/span><span class=\"BZ_Pyq_fadeIn\">d\u2019audience <\/span><span class=\"BZ_Pyq_fadeIn\">et <\/span><span class=\"BZ_Pyq_fadeIn\">d\u2019am\u00e9lioration <\/span><span class=\"BZ_Pyq_fadeIn\">de <\/span><span class=\"BZ_Pyq_fadeIn\">l\u2019exp\u00e9rience <\/span><span class=\"BZ_Pyq_fadeIn\">utilisateur.<\/span><\/p>\n<p data-start=\"1549\" data-end=\"1650\"><span class=\"BZ_Pyq_fadeIn\">Un <\/span><span class=\"BZ_Pyq_fadeIn\">bandeau <\/span><span class=\"BZ_Pyq_fadeIn\">cookies <\/span><span class=\"BZ_Pyq_fadeIn\">permet <\/span><span class=\"BZ_Pyq_fadeIn\">\u00e0 <\/span><span class=\"BZ_Pyq_fadeIn\">l\u2019utilisateur <\/span><span class=\"BZ_Pyq_fadeIn\">de <\/span><span class=\"BZ_Pyq_fadeIn\">g\u00e9rer <\/span><span class=\"BZ_Pyq_fadeIn\">ses <\/span><span class=\"BZ_Pyq_fadeIn\">pr\u00e9f\u00e9rences <\/span><span class=\"BZ_Pyq_fadeIn\">lors <\/span><span class=\"BZ_Pyq_fadeIn\">de <\/span><span class=\"BZ_Pyq_fadeIn\">sa <\/span><span class=\"BZ_Pyq_fadeIn\">navigation <\/span><span class=\"BZ_Pyq_fadeIn\">sur <\/span><span class=\"BZ_Pyq_fadeIn\">le <\/span><span class=\"BZ_Pyq_fadeIn\">site.<\/span><\/p>\n<p>[\/et_pb_text][\/et_pb_column][\/et_pb_row][\/et_pb_section][et_pb_section fb_built=\u00a0\u00bb1&Prime; _builder_version=\u00a0\u00bb4.27.5&Prime; _module_preset=\u00a0\u00bbdefault\u00a0\u00bb use_background_color_gradient=\u00a0\u00bbon\u00a0\u00bb background_color_gradient_direction=\u00a0\u00bb119deg\u00a0\u00bb background_color_gradient_stops=\u00a0\u00bb#f4610d 0%|#f68d06 44%|#f7b50c 100%\u00a0\u00bb background_image=\u00a0\u00bbhttps:\/\/ref-aura.fr\/wp-content\/uploads\/2026\/03\/REFAURA-FONDS-PARRALLAX-3.png\u00a0\u00bb parallax=\u00a0\u00bbon\u00a0\u00bb custom_padding=\u00a0\u00bb44px||0px|||\u00a0\u00bb global_colors_info=\u00a0\u00bb{}\u00a0\u00bb][et_pb_row column_structure=\u00a0\u00bb2_3,1_3&Prime; _builder_version=\u00a0\u00bb4.27.5&Prime; _module_preset=\u00a0\u00bbdefault\u00a0\u00bb width=\u00a0\u00bb100%\u00a0\u00bb max_width=\u00a0\u00bb1434px\u00a0\u00bb global_colors_info=\u00a0\u00bb{}\u00a0\u00bb][et_pb_column type=\u00a0\u00bb2_3&Prime; _builder_version=\u00a0\u00bb4.27.5&Prime; _module_preset=\u00a0\u00bbdefault\u00a0\u00bb global_colors_info=\u00a0\u00bb{}\u00a0\u00bb][et_pb_text _builder_version=\u00a0\u00bb4.27.5&Prime; _module_preset=\u00a0\u00bbdefault\u00a0\u00bb text_font=\u00a0\u00bbBarlow Condensed|800|||||||\u00a0\u00bb text_text_color=\u00a0\u00bb#FFFFFF\u00a0\u00bb text_font_size=\u00a0\u00bb46px\u00a0\u00bb text_line_height=\u00a0\u00bb1.1em\u00a0\u00bb header_text_color=\u00a0\u00bb#FFFFFF\u00a0\u00bb text_orientation=\u00a0\u00bbcenter\u00a0\u00bb custom_margin=\u00a0\u00bb-16px|29px|||false|false\u00a0\u00bb custom_padding=\u00a0\u00bb|0px|30px||false|false\u00a0\u00bb text_font_size_tablet=\u00a0\u00bb46px\u00a0\u00bb text_font_size_phone=\u00a0\u00bb30px\u00a0\u00bb text_font_size_last_edited=\u00a0\u00bbon|phone\u00a0\u00bb global_colors_info=\u00a0\u00bb{}\u00a0\u00bb]<\/p>\n<p style=\"text-align: left;\"><span>Ne ratez rien de la #REFAURA et du MEDEF Auvergne-Rh\u00f4ne-Alpes en nous suivant sur nos r\u00e9seaux !<\/span><\/p>\n<p>[\/et_pb_text][\/et_pb_column][et_pb_column type=\u00a0\u00bb1_3&Prime; _builder_version=\u00a0\u00bb4.27.5&Prime; _module_preset=\u00a0\u00bbdefault\u00a0\u00bb global_colors_info=\u00a0\u00bb{}\u00a0\u00bb][et_pb_social_media_follow url_new_window=\u00a0\u00bboff\u00a0\u00bb _builder_version=\u00a0\u00bb4.27.5&Prime; _module_preset=\u00a0\u00bbdefault\u00a0\u00bb text_orientation=\u00a0\u00bbcenter\u00a0\u00bb global_colors_info=\u00a0\u00bb{}\u00a0\u00bb][et_pb_social_media_follow_network social_network=\u00a0\u00bblinkedin\u00a0\u00bb url=\u00a0\u00bbhttps:\/\/www.linkedin.com\/company\/3049600\/admin\/dashboard\/\u00a0\u00bb use_icon_font_size=\u00a0\u00bbon\u00a0\u00bb icon_font_size=\u00a0\u00bb37px\u00a0\u00bb _builder_version=\u00a0\u00bb4.27.5&Prime; _module_preset=\u00a0\u00bbdefault\u00a0\u00bb background_enable_color=\u00a0\u00bboff\u00a0\u00bb global_colors_info=\u00a0\u00bb{}\u00a0\u00bb follow_button=\u00a0\u00bboff\u00a0\u00bb url_new_window=\u00a0\u00bboff\u00a0\u00bb]linkedin[\/et_pb_social_media_follow_network][et_pb_social_media_follow_network social_network=\u00a0\u00bbtwitter\u00a0\u00bb url=\u00a0\u00bbhttps:\/\/x.com\/MedefAura?utm_campaign=MEDEF%20-%20DEV%20ECO%2024&#038;utm_source=hs_email&#038;utm_medium=email&#038;_hsenc=p2ANqtz-_jUPHug0QfhSQqjoBHCVeKJO8VLW6fMNaJos12LWtV0OUhiMPtf9KLB83pNeVwveznSi-LxRIIQypEIu3A2YhahV9cfQ\u00a0\u00bb use_icon_font_size=\u00a0\u00bbon\u00a0\u00bb icon_font_size=\u00a0\u00bb37px\u00a0\u00bb _builder_version=\u00a0\u00bb4.27.5&Prime; _module_preset=\u00a0\u00bbdefault\u00a0\u00bb background_enable_color=\u00a0\u00bboff\u00a0\u00bb global_colors_info=\u00a0\u00bb{}\u00a0\u00bb follow_button=\u00a0\u00bboff\u00a0\u00bb url_new_window=\u00a0\u00bboff\u00a0\u00bb]twitter[\/et_pb_social_media_follow_network][\/et_pb_social_media_follow][\/et_pb_column][\/et_pb_row][\/et_pb_section]<\/p>\n","protected":false},"excerpt":{"rendered":"<p>Mentions l\u00e9gales \u00c9diteur du siteMEDEF Auvergne-Rh\u00f4ne-Alpes60 avenue Jean Mermoz69008 LyonEmail : communication@medef-aura.fr Directeur de la publicationQuentin G\u00e9rv\u00e9sie, D\u00e9l\u00e9gu\u00e9 G\u00e9n\u00e9ral Site internetwww.ref-aura.fr H\u00e9bergementSite h\u00e9berg\u00e9 par OVH. Propri\u00e9t\u00e9 intellectuelle L\u2019ensemble des contenus pr\u00e9sents sur le site www.ref-aura.fr, incluant notamment les textes, visuels, images, logos et \u00e9l\u00e9ments graphiques, est prot\u00e9g\u00e9 par le droit de la propri\u00e9t\u00e9 intellectuelle. Toute [&hellip;]<\/p>\n","protected":false},"author":1,"featured_media":0,"parent":0,"menu_order":0,"comment_status":"closed","ping_status":"closed","template":"","meta":{"_et_pb_use_builder":"on","_et_pb_old_content":"","_et_gb_content_width":"","content-type":"","footnotes":""},"class_list":["post-1660","page","type-page","status-publish","hentry"],"_links":{"self":[{"href":"https:\/\/ref-aura.fr\/index.php\/wp-json\/wp\/v2\/pages\/1660","targetHints":{"allow":["GET"]}}],"collection":[{"href":"https:\/\/ref-aura.fr\/index.php\/wp-json\/wp\/v2\/pages"}],"about":[{"href":"https:\/\/ref-aura.fr\/index.php\/wp-json\/wp\/v2\/types\/page"}],"author":[{"embeddable":true,"href":"https:\/\/ref-aura.fr\/index.php\/wp-json\/wp\/v2\/users\/1"}],"replies":[{"embeddable":true,"href":"https:\/\/ref-aura.fr\/index.php\/wp-json\/wp\/v2\/comments?post=1660"}],"version-history":[{"count":2,"href":"https:\/\/ref-aura.fr\/index.php\/wp-json\/wp\/v2\/pages\/1660\/revisions"}],"predecessor-version":[{"id":1662,"href":"https:\/\/ref-aura.fr\/index.php\/wp-json\/wp\/v2\/pages\/1660\/revisions\/1662"}],"wp:attachment":[{"href":"https:\/\/ref-aura.fr\/index.php\/wp-json\/wp\/v2\/media?parent=1660"}],"curies":[{"name":"wp","href":"https:\/\/api.w.org\/{rel}","templated":true}]}}