{"id":13,"date":"2026-02-23T08:10:10","date_gmt":"2026-02-23T08:10:10","guid":{"rendered":"https:\/\/ref-aura.fr\/?page_id=13"},"modified":"2026-02-24T08:31:21","modified_gmt":"2026-02-24T08:31:21","slug":"accueil","status":"publish","type":"page","link":"https:\/\/ref-aura.fr\/index.php\/accueil\/","title":{"rendered":"Accueil"},"content":{"rendered":"<p>[et_pb_section fb_built=\u00a0\u00bb1&Prime; admin_label=\u00a0\u00bbHeader\u00a0\u00bb _builder_version=\u00a0\u00bb4.27.5&Prime; _module_preset=\u00a0\u00bbdefault\u00a0\u00bb background_color=\u00a0\u00bb#F68D06&Prime; background_image=\u00a0\u00bbhttps:\/\/ref-aura.fr\/wp-content\/uploads\/2026\/02\/REFAURA26-VISUEL-LANDING-1-1-scaled.png\u00a0\u00bb custom_padding=\u00a0\u00bb54px|||||\u00a0\u00bb border_color_all=\u00a0\u00bb#000000&Prime; border_width_bottom=\u00a0\u00bb8px\u00a0\u00bb collapsed=\u00a0\u00bbon\u00a0\u00bb global_colors_info=\u00a0\u00bb{}\u00a0\u00bb][et_pb_row column_structure=\u00a0\u00bb1_2,1_2&Prime; _builder_version=\u00a0\u00bb4.27.5&Prime; _module_preset=\u00a0\u00bbdefault\u00a0\u00bb max_width=\u00a0\u00bb1800px\u00a0\u00bb global_colors_info=\u00a0\u00bb{}\u00a0\u00bb][et_pb_column type=\u00a0\u00bb1_2&Prime; _builder_version=\u00a0\u00bb4.27.5&Prime; _module_preset=\u00a0\u00bbdefault\u00a0\u00bb global_colors_info=\u00a0\u00bb{}\u00a0\u00bb][et_pb_image src=\u00a0\u00bbhttps:\/\/ref-aura.fr\/wp-content\/uploads\/2026\/02\/REF-logo-V3.png\u00a0\u00bb title_text=\u00a0\u00bbREF logo V3&Prime; _builder_version=\u00a0\u00bb4.27.5&Prime; _module_preset=\u00a0\u00bbdefault\u00a0\u00bb global_colors_info=\u00a0\u00bb{}\u00a0\u00bb][\/et_pb_image][et_pb_image src=\u00a0\u00bbhttps:\/\/ref-aura.fr\/wp-content\/uploads\/2026\/02\/save-the-date_V3.png\u00a0\u00bb title_text=\u00a0\u00bbsave the date_V3&Prime; _builder_version=\u00a0\u00bb4.27.5&Prime; _module_preset=\u00a0\u00bbdefault\u00a0\u00bb global_colors_info=\u00a0\u00bb{}\u00a0\u00bb][\/et_pb_image][\/et_pb_column][et_pb_column type=\u00a0\u00bb1_2&Prime; _builder_version=\u00a0\u00bb4.27.5&Prime; _module_preset=\u00a0\u00bbdefault\u00a0\u00bb global_colors_info=\u00a0\u00bb{}\u00a0\u00bb][et_pb_image src=\u00a0\u00bbhttps:\/\/ref-aura.fr\/wp-content\/uploads\/2026\/02\/la-rencontre-des-entrepreneurs-V5.png\u00a0\u00bb title_text=\u00a0\u00bbla rencontre des entrepreneurs V5&Prime; _builder_version=\u00a0\u00bb4.27.5&Prime; _module_preset=\u00a0\u00bbdefault\u00a0\u00bb global_colors_info=\u00a0\u00bb{}\u00a0\u00bb][\/et_pb_image][et_pb_image src=\u00a0\u00bbhttps:\/\/ref-aura.fr\/wp-content\/uploads\/2026\/02\/presidents-medef-et-aura.png\u00a0\u00bb title_text=\u00a0\u00bbpr\u00e9sidents medef et aura\u00a0\u00bb _builder_version=\u00a0\u00bb4.27.5&Prime; _module_preset=\u00a0\u00bbdefault\u00a0\u00bb global_colors_info=\u00a0\u00bb{}\u00a0\u00bb][\/et_pb_image][\/et_pb_column][\/et_pb_row][\/et_pb_section][et_pb_section fb_built=\u00a0\u00bb1&Prime; theme_builder_area=\u00a0\u00bbpost_content\u00a0\u00bb _builder_version=\u00a0\u00bb4.27.5&Prime; _module_preset=\u00a0\u00bbdefault\u00a0\u00bb background_color=\u00a0\u00bb#352983&Prime; hover_enabled=\u00a0\u00bb0&Prime; sticky_enabled=\u00a0\u00bb0&Prime; custom_margin=\u00a0\u00bb0px|0px|0px|0px|false|false\u00a0\u00bb custom_padding=\u00a0\u00bb0px|0px|0px|0px|false|false\u00a0\u00bb][et_pb_row _builder_version=\u00a0\u00bb4.27.5&Prime; _module_preset=\u00a0\u00bbdefault\u00a0\u00bb theme_builder_area=\u00a0\u00bbpost_content\u00a0\u00bb custom_margin=\u00a0\u00bb0px|0px|0px|0px|false|false\u00a0\u00bb custom_padding=\u00a0\u00bb5px|5px|5px|5px|false|false\u00a0\u00bb hover_enabled=\u00a0\u00bb0&Prime; sticky_enabled=\u00a0\u00bb0&Prime; module_alignment=\u00a0\u00bbcenter\u00a0\u00bb][et_pb_column _builder_version=\u00a0\u00bb4.27.5&Prime; _module_preset=\u00a0\u00bbdefault\u00a0\u00bb type=\u00a0\u00bb4_4&Prime; theme_builder_area=\u00a0\u00bbpost_content\u00a0\u00bb][et_pb_text _builder_version=\u00a0\u00bb4.27.5&Prime; _module_preset=\u00a0\u00bbdefault\u00a0\u00bb theme_builder_area=\u00a0\u00bbpost_content\u00a0\u00bb hover_enabled=\u00a0\u00bb0&Prime; sticky_enabled=\u00a0\u00bb0&Prime; text_text_color=\u00a0\u00bb#FFFFFF\u00a0\u00bb text_font_size=\u00a0\u00bb23px\u00a0\u00bb text_font=\u00a0\u00bbBarlow Condensed||||||||\u00a0\u00bb custom_padding=\u00a0\u00bb0px|0px|0px|0px|false|false\u00a0\u00bb custom_margin=\u00a0\u00bb0px|0px|0px|0px|false|false\u00a0\u00bb]<\/p>\n<p style=\"text-align: center;\"><strong>INSCRIPTIONS \u00c0 VENIR<\/strong><\/p>\n<p>[\/et_pb_text][\/et_pb_column][\/et_pb_row][\/et_pb_section][et_pb_section fb_built=\u00a0\u00bb1&Prime; admin_label=\u00a0\u00bbVenue\u00a0\u00bb _builder_version=\u00a0\u00bb4.27.5&Prime; _module_preset=\u00a0\u00bbdefault\u00a0\u00bb background_color=\u00a0\u00bb#FFFFFF\u00a0\u00bb collapsed=\u00a0\u00bbon\u00a0\u00bb global_colors_info=\u00a0\u00bb{}\u00a0\u00bb][et_pb_row column_structure=\u00a0\u00bb3_5,2_5&Prime; _builder_version=\u00a0\u00bb4.27.5&Prime; _module_preset=\u00a0\u00bbdefault\u00a0\u00bb global_colors_info=\u00a0\u00bb{}\u00a0\u00bb][et_pb_column type=\u00a0\u00bb3_5&Prime; _builder_version=\u00a0\u00bb4.27.5&Prime; _module_preset=\u00a0\u00bbdefault\u00a0\u00bb global_colors_info=\u00a0\u00bb{}\u00a0\u00bb][et_pb_text _builder_version=\u00a0\u00bb4.27.5&Prime; _module_preset=\u00a0\u00bbdefault\u00a0\u00bb text_font=\u00a0\u00bbBarlow Condensed|600|||||||\u00a0\u00bb text_text_color=\u00a0\u00bb#352983&Prime; text_font_size=\u00a0\u00bb34px\u00a0\u00bb text_font_size_tablet=\u00a0\u00bb34px\u00a0\u00bb text_font_size_phone=\u00a0\u00bb22px\u00a0\u00bb text_font_size_last_edited=\u00a0\u00bbon|phone\u00a0\u00bb global_colors_info=\u00a0\u00bb{}\u00a0\u00bb]<\/p>\n<div class=\"row-fluid-wrapper row-depth-1 row-number-7 dnd-row\">\n<div class=\"row-fluid \">\n<div class=\"span12 widget-span widget-type-custom_widget dnd-module\" data-widget-type=\"custom_widget\" data-x=\"0\" data-w=\"12\">\n<div id=\"hs_cos_wrapper_module_17714246815924\" class=\"hs_cos_wrapper hs_cos_wrapper_widget hs_cos_wrapper_type_module widget-type-rich_text\" data-hs-cos-general-type=\"widget\" data-hs-cos-type=\"module\">\n<p><span>Jeudi 4 juin 2026<\/span><\/p>\n<\/div>\n<\/div>\n<\/div>\n<\/div>\n<p>[\/et_pb_text][et_pb_text _builder_version=\u00a0\u00bb4.27.5&Prime; _module_preset=\u00a0\u00bbdefault\u00a0\u00bb text_font=\u00a0\u00bbBarlow Condensed|600|||||||\u00a0\u00bb text_text_color=\u00a0\u00bb#352983&Prime; text_font_size=\u00a0\u00bb46px\u00a0\u00bb text_line_height=\u00a0\u00bb1.1em\u00a0\u00bb custom_margin=\u00a0\u00bb|29px||||\u00a0\u00bb custom_padding=\u00a0\u00bb|0px||||\u00a0\u00bb text_font_size_tablet=\u00a0\u00bb46px\u00a0\u00bb text_font_size_phone=\u00a0\u00bb30px\u00a0\u00bb text_font_size_last_edited=\u00a0\u00bbon|phone\u00a0\u00bb global_colors_info=\u00a0\u00bb{}\u00a0\u00bb]<\/p>\n<p><span>La Rencontre des Entrepreneurs de France Auvergne-Rh\u00f4ne-Alpes<\/span><\/p>\n<p>[\/et_pb_text][et_pb_text _builder_version=\u00a0\u00bb4.27.5&Prime; _module_preset=\u00a0\u00bbdefault\u00a0\u00bb text_font=\u00a0\u00bbBarlow||||||||\u00a0\u00bb text_text_color=\u00a0\u00bb#282064&Prime; inline_fonts=\u00a0\u00bbBarlow\u00a0\u00bb global_colors_info=\u00a0\u00bb{}\u00a0\u00bb]<\/p>\n<p><span>La Rencontre des Entrepreneurs de France Auvergne-Rh\u00f4ne-Alpes (#REFAURA) est le temps fort annuel de l\u2019\u00e9cosyst\u00e8me MEDEF r\u00e9gional. D\u00e9clinaison territoriale de la REF nationale, elle a vocation \u00e0 rassembler, chaque ann\u00e9e, les dirigeants d\u2019entreprises, les acteurs \u00e9conomiques, institutionnels et sociaux de la r\u00e9gion autour des grands enjeux de comp\u00e9titivit\u00e9, de transformation et d\u2019avenir des entreprises. Plus qu\u2019un \u00e9v\u00e9nement, la #REFAURA est un moment de mobilisation collective, un lieu o\u00f9 la famille entrepreneuriale se retrouve pour faire bloc, partager des convictions et porter une parole forte au service de l\u2019\u00e9conomie r\u00e9gionale.<\/span><\/p>\n<p><span>\u00c9v\u00e9nement itin\u00e9rant, la #REFAURA s\u2019ancre au c\u0153ur des territoires pour \u00eatre au plus pr\u00e8s des r\u00e9alit\u00e9s \u00e9conomiques locales et de celles et ceux qui entreprennent. Port\u00e9e par le MEDEF Auvergne-Rh\u00f4ne-Alpes, premier r\u00e9seau r\u00e9gional au service de l\u2019entreprise et de l\u2019esprit d\u2019entreprendre, elle incarne un MEDEF engag\u00e9, militant et rassembleur. \u00c0 travers d\u00e9bats, rencontres et temps de connexion, la #REFAURA affirme l\u2019ambition des entreprises de la r\u00e9gion : peser dans le d\u00e9bat public, contribuer \u00e0 l\u2019int\u00e9r\u00eat g\u00e9n\u00e9ral et construire collectivement les conditions de la croissance et de la r\u00e9ussite \u00e9conomique durable.<\/span><\/p>\n<p>[\/et_pb_text][\/et_pb_column][et_pb_column type=\u00a0\u00bb2_5&Prime; _builder_version=\u00a0\u00bb4.27.5&Prime; _module_preset=\u00a0\u00bbdefault\u00a0\u00bb global_colors_info=\u00a0\u00bb{}\u00a0\u00bb][et_pb_text _builder_version=\u00a0\u00bb4.27.5&Prime; _module_preset=\u00a0\u00bbdefault\u00a0\u00bb text_font=\u00a0\u00bbBarlow Condensed|600|||||||\u00a0\u00bb text_text_color=\u00a0\u00bb#352983&Prime; text_font_size=\u00a0\u00bb34px\u00a0\u00bb text_font_size_tablet=\u00a0\u00bb34px\u00a0\u00bb text_font_size_phone=\u00a0\u00bb22px\u00a0\u00bb text_font_size_last_edited=\u00a0\u00bbon|phone\u00a0\u00bb global_colors_info=\u00a0\u00bb{}\u00a0\u00bb]<\/p>\n<div class=\"row-fluid-wrapper row-depth-1 row-number-11 dnd-row\">\n<div class=\"row-fluid \">\n<div class=\"span12 widget-span widget-type-custom_widget dnd-module\" data-widget-type=\"custom_widget\" data-x=\"0\" data-w=\"12\">\n<div id=\"hs_cos_wrapper_module_1771427019648\" class=\"hs_cos_wrapper hs_cos_wrapper_widget hs_cos_wrapper_type_module widget-type-rich_text\" data-hs-cos-general-type=\"widget\" data-hs-cos-type=\"module\">\n<p><span>Date et heure\u00a0<\/span><\/p>\n<\/div>\n<\/div>\n<\/div>\n<\/div>\n<div class=\"row-fluid-wrapper row-depth-1 row-number-12 dnd-row\">\n<div class=\"row-fluid \">\n<div class=\"span12 widget-span widget-type-custom_widget dnd-module\" data-widget-type=\"custom_widget\" data-x=\"0\" data-w=\"12\">\n<div id=\"hs_cos_wrapper_module_177142468159213\" class=\"hs_cos_wrapper hs_cos_wrapper_widget hs_cos_wrapper_type_module widget-type-rich_text\" data-hs-cos-general-type=\"widget\" data-hs-cos-type=\"module\">\n<div data-testid=\"summary\"><\/div>\n<\/div>\n<\/div>\n<\/div>\n<\/div>\n<p>[\/et_pb_text][et_pb_text _builder_version=\u00a0\u00bb4.27.5&Prime; _module_preset=\u00a0\u00bbdefault\u00a0\u00bb text_font=\u00a0\u00bbBarlow||||||||\u00a0\u00bb text_text_color=\u00a0\u00bb#282064&Prime; global_colors_info=\u00a0\u00bb{}\u00a0\u00bb]<\/p>\n<p><span>Jeudi 4\u00a0juin 2026, ouverture des portes \u00e0 partir de 13h00<\/span><\/p>\n<p>[\/et_pb_text][et_pb_text _builder_version=\u00a0\u00bb4.27.5&Prime; _module_preset=\u00a0\u00bbdefault\u00a0\u00bb text_font=\u00a0\u00bbBarlow Condensed|600|||||||\u00a0\u00bb text_text_color=\u00a0\u00bb#352983&Prime; text_font_size=\u00a0\u00bb34px\u00a0\u00bb text_font_size_tablet=\u00a0\u00bb34px\u00a0\u00bb text_font_size_phone=\u00a0\u00bb22px\u00a0\u00bb text_font_size_last_edited=\u00a0\u00bbon|phone\u00a0\u00bb global_colors_info=\u00a0\u00bb{}\u00a0\u00bb]<\/p>\n<div class=\"row-fluid-wrapper row-depth-1 row-number-11 dnd-row\">\n<div class=\"row-fluid \">\n<div class=\"span12 widget-span widget-type-custom_widget dnd-module\" data-widget-type=\"custom_widget\" data-x=\"0\" data-w=\"12\">\n<div id=\"hs_cos_wrapper_module_1771427019648\" class=\"hs_cos_wrapper hs_cos_wrapper_widget hs_cos_wrapper_type_module widget-type-rich_text\" data-hs-cos-general-type=\"widget\" data-hs-cos-type=\"module\">\n<p><span>Lieu<\/span><\/p>\n<\/div>\n<\/div>\n<\/div>\n<\/div>\n<div class=\"row-fluid-wrapper row-depth-1 row-number-12 dnd-row\">\n<div class=\"row-fluid \">\n<div class=\"span12 widget-span widget-type-custom_widget dnd-module\" data-widget-type=\"custom_widget\" data-x=\"0\" data-w=\"12\">\n<div id=\"hs_cos_wrapper_module_177142468159213\" class=\"hs_cos_wrapper hs_cos_wrapper_widget hs_cos_wrapper_type_module widget-type-rich_text\" data-hs-cos-general-type=\"widget\" data-hs-cos-type=\"module\">\n<div data-testid=\"summary\"><\/div>\n<\/div>\n<\/div>\n<\/div>\n<\/div>\n<p>[\/et_pb_text][et_pb_text _builder_version=\u00a0\u00bb4.27.5&Prime; _module_preset=\u00a0\u00bbdefault\u00a0\u00bb text_font=\u00a0\u00bbBarlow||||||||\u00a0\u00bb text_text_color=\u00a0\u00bb#282064&Prime; global_colors_info=\u00a0\u00bb{}\u00a0\u00bb]<\/p>\n<p><span>Hall 32, 32 Rue Du Clos Four, 63100, Clermont-Ferrand<\/span><\/p>\n<p>[\/et_pb_text][et_pb_code _builder_version=\u00a0\u00bb4.27.5&Prime; _module_preset=\u00a0\u00bbdefault\u00a0\u00bb width=\u00a0\u00bb100%\u00a0\u00bb max_width=\u00a0\u00bb100%\u00a0\u00bb min_height=\u00a0\u00bb344px\u00a0\u00bb global_colors_info=\u00a0\u00bb{}\u00a0\u00bb]<\/p>\n<div style=\"width:100%; height:35vh; min-height:260px; max-height:520px; overflow:hidden;\"><!-- [et_pb_line_break_holder] -->  <iframe<!-- [et_pb_line_break_holder] -->    src=\u00a0\u00bbhttps:\/\/www.google.com\/maps\/embed?pb=!1m18!1m12!1m3!1d2782.0583009050947!2d3.1024482767164137!3d45.79005971163719!2m3!1f0!2f0!3f0!3m2!1i1024!2i768!4f13.1!3m3!1m2!1s0x47f7192e32f7de63%3A0xfba5b42e42a6b1c6!2sHall32!5e0!3m2!1sfr!2sfr!4v1771603050295!5m2!1sfr!2sfr\u00a0\u00bb<!-- [et_pb_line_break_holder] -->    style=\u00a0\u00bbborder:0; width:100%; height:100%;\u00a0\u00bb<!-- [et_pb_line_break_holder] -->    allowfullscreen=\u00a0\u00bb\u00a0\u00bb<!-- [et_pb_line_break_holder] -->    loading=\u00a0\u00bblazy\u00a0\u00bb<!-- [et_pb_line_break_holder] -->    referrerpolicy=\u00a0\u00bbno-referrer-when-downgrade\u00a0\u00bb><!-- [et_pb_line_break_holder] -->  <\/iframe><!-- [et_pb_line_break_holder] --><\/div>\n<p>[\/et_pb_code][\/et_pb_column][\/et_pb_row][\/et_pb_section]<\/p>\n","protected":false},"excerpt":{"rendered":"<p>INSCRIPTIONS \u00c0 VENIR Jeudi 4 juin 2026 La Rencontre des Entrepreneurs de France Auvergne-Rh\u00f4ne-AlpesLa Rencontre des Entrepreneurs de France Auvergne-Rh\u00f4ne-Alpes (#REFAURA) est le temps fort annuel de l\u2019\u00e9cosyst\u00e8me MEDEF r\u00e9gional. D\u00e9clinaison territoriale de la REF nationale, elle a vocation \u00e0 rassembler, chaque ann\u00e9e, les dirigeants d\u2019entreprises, les acteurs \u00e9conomiques, institutionnels et sociaux de la r\u00e9gion [&hellip;]<\/p>\n","protected":false},"author":1,"featured_media":0,"parent":0,"menu_order":0,"comment_status":"closed","ping_status":"closed","template":"","meta":{"_et_pb_use_builder":"on","_et_pb_old_content":"","_et_gb_content_width":"","content-type":"","footnotes":""},"class_list":["post-13","page","type-page","status-publish","hentry"],"yoast_head":"<!-- This site is optimized with the Yoast SEO plugin v27.4 - https:\/\/yoast.com\/product\/yoast-seo-wordpress\/ -->\n<title>Accueil - #REFAURA 2026<\/title>\n<meta name=\"robots\" content=\"index, follow, max-snippet:-1, max-image-preview:large, max-video-preview:-1\" \/>\n<link rel=\"canonical\" href=\"https:\/\/ref-aura.fr\/index.php\/accueil\/\" \/>\n<meta property=\"og:locale\" content=\"fr_FR\" \/>\n<meta property=\"og:type\" content=\"article\" \/>\n<meta property=\"og:title\" content=\"Accueil - #REFAURA 2026\" \/>\n<meta property=\"og:description\" content=\"INSCRIPTIONS \u00c0 VENIR Jeudi 4 juin 2026 La Rencontre des Entrepreneurs de France Auvergne-Rh\u00f4ne-AlpesLa Rencontre des Entrepreneurs de France Auvergne-Rh\u00f4ne-Alpes (#REFAURA) est le temps fort annuel de l\u2019\u00e9cosyst\u00e8me MEDEF r\u00e9gional. D\u00e9clinaison territoriale de la REF nationale, elle a vocation \u00e0 rassembler, chaque ann\u00e9e, les dirigeants d\u2019entreprises, les acteurs \u00e9conomiques, institutionnels et sociaux de la r\u00e9gion [&hellip;]\" \/>\n<meta property=\"og:url\" content=\"https:\/\/ref-aura.fr\/index.php\/accueil\/\" \/>\n<meta property=\"og:site_name\" content=\"#REFAURA 2026\" \/>\n<meta property=\"article:modified_time\" content=\"2026-02-24T08:31:21+00:00\" \/>\n<meta property=\"og:image\" content=\"https:\/\/ref-aura.fr\/wp-content\/uploads\/2026\/02\/REF_Logo_couleur.png\" \/>\n\t<meta property=\"og:image:width\" content=\"1200\" \/>\n\t<meta property=\"og:image:height\" content=\"500\" \/>\n\t<meta property=\"og:image:type\" content=\"image\/png\" \/>\n<meta name=\"twitter:card\" content=\"summary_large_image\" \/>\n<meta name=\"twitter:label1\" content=\"Dur\u00e9e de lecture estim\u00e9e\" \/>\n\t<meta name=\"twitter:data1\" content=\"5 minutes\" \/>\n<script type=\"application\/ld+json\" class=\"yoast-schema-graph\">{\"@context\":\"https:\\\/\\\/schema.org\",\"@graph\":[{\"@type\":\"WebPage\",\"@id\":\"https:\\\/\\\/ref-aura.fr\\\/index.php\\\/accueil\\\/\",\"url\":\"https:\\\/\\\/ref-aura.fr\\\/index.php\\\/accueil\\\/\",\"name\":\"Accueil - #REFAURA 2026\",\"isPartOf\":{\"@id\":\"https:\\\/\\\/ref-aura.fr\\\/#website\"},\"datePublished\":\"2026-02-23T08:10:10+00:00\",\"dateModified\":\"2026-02-24T08:31:21+00:00\",\"breadcrumb\":{\"@id\":\"https:\\\/\\\/ref-aura.fr\\\/index.php\\\/accueil\\\/#breadcrumb\"},\"inLanguage\":\"fr-FR\",\"potentialAction\":[{\"@type\":\"ReadAction\",\"target\":[\"https:\\\/\\\/ref-aura.fr\\\/index.php\\\/accueil\\\/\"]}]},{\"@type\":\"BreadcrumbList\",\"@id\":\"https:\\\/\\\/ref-aura.fr\\\/index.php\\\/accueil\\\/#breadcrumb\",\"itemListElement\":[{\"@type\":\"ListItem\",\"position\":1,\"name\":\"Accueil\",\"item\":\"https:\\\/\\\/ref-aura.fr\\\/\"},{\"@type\":\"ListItem\",\"position\":2,\"name\":\"Accueil\"}]},{\"@type\":\"WebSite\",\"@id\":\"https:\\\/\\\/ref-aura.fr\\\/#website\",\"url\":\"https:\\\/\\\/ref-aura.fr\\\/\",\"name\":\"#REFAURA 2026\",\"description\":\"En 2026 si vous ne deviez bloquer qu&#039;une seule date... ce serait celle de la #REFAURA !\",\"potentialAction\":[{\"@type\":\"SearchAction\",\"target\":{\"@type\":\"EntryPoint\",\"urlTemplate\":\"https:\\\/\\\/ref-aura.fr\\\/?s={search_term_string}\"},\"query-input\":{\"@type\":\"PropertyValueSpecification\",\"valueRequired\":true,\"valueName\":\"search_term_string\"}}],\"inLanguage\":\"fr-FR\"}]}<\/script>\n<!-- \/ Yoast SEO plugin. -->","yoast_head_json":{"title":"Accueil - #REFAURA 2026","robots":{"index":"index","follow":"follow","max-snippet":"max-snippet:-1","max-image-preview":"max-image-preview:large","max-video-preview":"max-video-preview:-1"},"canonical":"https:\/\/ref-aura.fr\/index.php\/accueil\/","og_locale":"fr_FR","og_type":"article","og_title":"Accueil - #REFAURA 2026","og_description":"INSCRIPTIONS \u00c0 VENIR Jeudi 4 juin 2026 La Rencontre des Entrepreneurs de France Auvergne-Rh\u00f4ne-AlpesLa Rencontre des Entrepreneurs de France Auvergne-Rh\u00f4ne-Alpes (#REFAURA) est le temps fort annuel de l\u2019\u00e9cosyst\u00e8me MEDEF r\u00e9gional. D\u00e9clinaison territoriale de la REF nationale, elle a vocation \u00e0 rassembler, chaque ann\u00e9e, les dirigeants d\u2019entreprises, les acteurs \u00e9conomiques, institutionnels et sociaux de la r\u00e9gion [&hellip;]","og_url":"https:\/\/ref-aura.fr\/index.php\/accueil\/","og_site_name":"#REFAURA 2026","article_modified_time":"2026-02-24T08:31:21+00:00","og_image":[{"width":1200,"height":500,"url":"https:\/\/ref-aura.fr\/wp-content\/uploads\/2026\/02\/REF_Logo_couleur.png","type":"image\/png"}],"twitter_card":"summary_large_image","twitter_misc":{"Dur\u00e9e de lecture estim\u00e9e":"5 minutes"},"schema":{"@context":"https:\/\/schema.org","@graph":[{"@type":"WebPage","@id":"https:\/\/ref-aura.fr\/index.php\/accueil\/","url":"https:\/\/ref-aura.fr\/index.php\/accueil\/","name":"Accueil - #REFAURA 2026","isPartOf":{"@id":"https:\/\/ref-aura.fr\/#website"},"datePublished":"2026-02-23T08:10:10+00:00","dateModified":"2026-02-24T08:31:21+00:00","breadcrumb":{"@id":"https:\/\/ref-aura.fr\/index.php\/accueil\/#breadcrumb"},"inLanguage":"fr-FR","potentialAction":[{"@type":"ReadAction","target":["https:\/\/ref-aura.fr\/index.php\/accueil\/"]}]},{"@type":"BreadcrumbList","@id":"https:\/\/ref-aura.fr\/index.php\/accueil\/#breadcrumb","itemListElement":[{"@type":"ListItem","position":1,"name":"Accueil","item":"https:\/\/ref-aura.fr\/"},{"@type":"ListItem","position":2,"name":"Accueil"}]},{"@type":"WebSite","@id":"https:\/\/ref-aura.fr\/#website","url":"https:\/\/ref-aura.fr\/","name":"#REFAURA 2026","description":"En 2026 si vous ne deviez bloquer qu&#039;une seule date... ce serait celle de la #REFAURA !","potentialAction":[{"@type":"SearchAction","target":{"@type":"EntryPoint","urlTemplate":"https:\/\/ref-aura.fr\/?s={search_term_string}"},"query-input":{"@type":"PropertyValueSpecification","valueRequired":true,"valueName":"search_term_string"}}],"inLanguage":"fr-FR"}]}},"_links":{"self":[{"href":"https:\/\/ref-aura.fr\/index.php\/wp-json\/wp\/v2\/pages\/13","targetHints":{"allow":["GET"]}}],"collection":[{"href":"https:\/\/ref-aura.fr\/index.php\/wp-json\/wp\/v2\/pages"}],"about":[{"href":"https:\/\/ref-aura.fr\/index.php\/wp-json\/wp\/v2\/types\/page"}],"author":[{"embeddable":true,"href":"https:\/\/ref-aura.fr\/index.php\/wp-json\/wp\/v2\/users\/1"}],"replies":[{"embeddable":true,"href":"https:\/\/ref-aura.fr\/index.php\/wp-json\/wp\/v2\/comments?post=13"}],"version-history":[{"count":36,"href":"https:\/\/ref-aura.fr\/index.php\/wp-json\/wp\/v2\/pages\/13\/revisions"}],"predecessor-version":[{"id":287,"href":"https:\/\/ref-aura.fr\/index.php\/wp-json\/wp\/v2\/pages\/13\/revisions\/287"}],"wp:attachment":[{"href":"https:\/\/ref-aura.fr\/index.php\/wp-json\/wp\/v2\/media?parent=13"}],"curies":[{"name":"wp","href":"https:\/\/api.w.org\/{rel}","templated":true}]}}